{"id":9,"date":"2024-01-11T21:15:35","date_gmt":"2024-01-11T20:15:35","guid":{"rendered":"https:\/\/udelprado.mx\/programas-academicos\/?page_id=9"},"modified":"2024-08-06T21:52:23","modified_gmt":"2024-08-06T19:52:23","slug":"lp-u-del-prado","status":"publish","type":"page","link":"https:\/\/udelprado.mx\/programas-academicos\/","title":{"rendered":"Lp U del prado"},"content":{"rendered":"<div class=\"wpb-content-wrapper\"><p>[vc_section full_width=\u00bbstretch_row\u00bb el_class=\u00bbheader-bot\u00bb css=\u00bb.vc_custom_1705061152242{background-color: #153d68 !important;}\u00bb][vc_row][vc_column][vc_column_text el_class=\u00bbheader-text-bot\u00bb]<\/p>\n<h3 style=\"text-align: center;\">\u00a1Inscr\u00edbete HOY! Te regalamos la inscripci\u00f3n \u00fanica <strong>+ Una beca especial<\/strong> en tus colegiaturas<\/h3>\n<p>[\/vc_column_text][\/vc_column][\/vc_row][\/vc_section][vc_section full_width=\u00bbstretch_row\u00bb el_class=\u00bbbanner-lp\u00bb css=\u00bb.vc_custom_1705006126556{background-image: url(https:\/\/udelprado.mx\/programas-academicos\/wp-content\/uploads\/2024\/01\/Grupo-17-1.png?id=28) !important;}\u00bb][vc_row el_class=\u00bbrow-responsive-lp\u00bb][vc_column width=\u00bb1\/2&#8243;][vc_column_text el_class=\u00bbtitle-left\u00bb]<\/p>\n<h2>Programas con reconocimiento y validez oficial de la SEP<\/h2>\n<p>[\/vc_column_text][\/vc_column][vc_column width=\u00bb1\/2&#8243;][vc_column_text]\n<div class=\"wpcf7 no-js\" id=\"wpcf7-f45-o1\" lang=\"es-ES\" dir=\"ltr\">\n<div class=\"screen-reader-response\"><p role=\"status\" aria-live=\"polite\" aria-atomic=\"true\"><\/p> <ul><\/ul><\/div>\n<form action=\"\/programas-academicos\/wp-json\/wp\/v2\/pages\/9#wpcf7-f45-o1\" method=\"post\" class=\"wpcf7-form init\" aria-label=\"Formulario de contacto\" novalidate=\"novalidate\" data-status=\"init\">\n<div style=\"display: none;\">\n<input type=\"hidden\" name=\"_wpcf7\" value=\"45\" \/>\n<input type=\"hidden\" name=\"_wpcf7_version\" value=\"5.8.6\" \/>\n<input type=\"hidden\" name=\"_wpcf7_locale\" value=\"es_ES\" \/>\n<input type=\"hidden\" name=\"_wpcf7_unit_tag\" value=\"wpcf7-f45-o1\" \/>\n<input type=\"hidden\" name=\"_wpcf7_container_post\" value=\"0\" \/>\n<input type=\"hidden\" name=\"_wpcf7_posted_data_hash\" value=\"\" \/>\n<input type=\"hidden\" name=\"_wpcf7_recaptcha_response\" value=\"\" \/>\n<\/div>\n<div class=\"form\" id=\"formulario\">\n\t<h2>Solicita Informaci\u00f3n\n\t<\/h2>\n\t<div class=\"flex-row mb\">\n\t\t<div>\n\t\t\t<p><span class=\"wpcf7-form-control-wrap\" data-name=\"your-name\"><input size=\"40\" class=\"wpcf7-form-control wpcf7-text wpcf7-validates-as-required\" aria-required=\"true\" aria-invalid=\"false\" placeholder=\"Nombre*\" value=\"\" type=\"text\" name=\"your-name\" \/><\/span>\n\t\t\t<\/p>\n\t\t<\/div>\n\t\t<div>\n\t\t\t<p><span class=\"wpcf7-form-control-wrap\" data-name=\"last\"><input size=\"40\" class=\"wpcf7-form-control wpcf7-text wpcf7-validates-as-required\" aria-required=\"true\" aria-invalid=\"false\" placeholder=\"Apellido*\" value=\"\" type=\"text\" name=\"last\" \/><\/span>\n\t\t\t<\/p>\n\t\t<\/div>\n\t<\/div>\n\t<div class=\"flex-row mb\">\n\t\t<div class=\"\">\n\t\t\t<p><span class=\"wpcf7-form-control-wrap\" data-name=\"lada\"><input size=\"40\" class=\"wpcf7-form-control wpcf7-text wpcf7-validates-as-required\" aria-required=\"true\" aria-invalid=\"false\" placeholder=\"Lada*\" value=\"\" type=\"text\" name=\"lada\" \/><\/span>\n\t\t\t<\/p>\n\t\t<\/div>\n\t\t<div class=\"\">\n\t\t\t<p><span class=\"wpcf7-form-control-wrap\" data-name=\"tel\"><input size=\"40\" class=\"wpcf7-form-control wpcf7-tel wpcf7-validates-as-required wpcf7-text wpcf7-validates-as-tel\" aria-required=\"true\" aria-invalid=\"false\" placeholder=\"Tel\u00e9fono*\" value=\"\" type=\"tel\" name=\"tel\" \/><\/span>\n\t\t\t<\/p>\n\t\t<\/div>\n\t<\/div>\n\t<div class=\"mb\">\n\t\t<p><span class=\"wpcf7-form-control-wrap\" data-name=\"cel\"><input size=\"40\" class=\"wpcf7-form-control wpcf7-tel wpcf7-validates-as-required wpcf7-text wpcf7-validates-as-tel\" aria-required=\"true\" aria-invalid=\"false\" placeholder=\"Celular*\" value=\"\" type=\"tel\" name=\"cel\" \/><\/span>\n\t\t<\/p>\n\t<\/div>\n\t<div class=\"mb\">\n\t\t<p><span class=\"wpcf7-form-control-wrap\" data-name=\"your-email\"><input size=\"40\" class=\"wpcf7-form-control wpcf7-email wpcf7-validates-as-required wpcf7-text wpcf7-validates-as-email\" aria-required=\"true\" aria-invalid=\"false\" placeholder=\"Email*\" value=\"\" type=\"email\" name=\"your-email\" \/><\/span>\n\t\t<\/p>\n\t<\/div>\n\t<div class=\"mb\">\n\t\t<p><span class=\"wpcf7-form-control-wrap\" data-name=\"programa\"><select class=\"wpcf7-form-control wpcf7-select wpcf7-validates-as-required\" aria-required=\"true\" aria-invalid=\"false\" name=\"programa\"><option value=\"\">&#8212;Por favor, elige una opci\u00f3n&#8212;<\/option><option value=\"Licenciatura en Mercadotecnia\">Licenciatura en Mercadotecnia<\/option><option value=\"Lic. en Administraci\u00f3n de Empresas\">Lic. en Administraci\u00f3n de Empresas<\/option><option value=\"Licenciatura en Derecho\">Licenciatura en Derecho<\/option><option value=\"Lic.en Contadur\u00eda y Finanzas\">Lic.en Contadur\u00eda y Finanzas<\/option><option value=\"Lic. en Ing. Industrial y Sistemas\">Lic. en Ing. Industrial y Sistemas<\/option><option value=\"Maestr\u00eda en Administraci\u00f3n y Direcci\u00f3n de Empresas\">Maestr\u00eda en Administraci\u00f3n y Direcci\u00f3n de Empresas<\/option><option value=\"Maestr\u00eda en Administraci\u00f3n y Finanzas\">Maestr\u00eda en Administraci\u00f3n y Finanzas<\/option><\/select><\/span>\n\t\t<\/p>\n\t<\/div>\n\t<div class=\"mb\">\n\t\t<p><span class=\"wpcf7-form-control-wrap\" data-name=\"your-message\"><textarea cols=\"40\" rows=\"10\" class=\"wpcf7-form-control wpcf7-textarea\" aria-invalid=\"false\" placeholder=\"Comentarios*\" name=\"your-message\"><\/textarea><\/span>\n\t\t<\/p>\n\t<\/div>\n\t<div class=\"acceptance mb\">\n\t\t<p><span class=\"wpcf7-form-control-wrap\" data-name=\"acceptance-439\"><span class=\"wpcf7-form-control wpcf7-acceptance\"><span class=\"wpcf7-list-item\"><input type=\"checkbox\" name=\"acceptance-439\" value=\"1\" checked=\"checked\" aria-invalid=\"false\" \/><\/span><\/span><\/span>\n\t\t<\/p>\n\t\t<p>He le\u00eddo y acepto las <a href=\"\">Pol\u00edticas de privacidad.<\/a>\n\t\t<\/p>\n\t<\/div>\n\t<div class=\"submit\">\n\t\t<p><input class=\"wpcf7-form-control wpcf7-submit has-spinner\" type=\"submit\" value=\"Enviar\" \/>\n\t\t<\/p>\n\t<input class=\"wpcf7-form-control wpcf7-hidden\" value=\"googleAdsFormulario\" type=\"hidden\" name=\"utm_source\" \/>\n\t<input class=\"wpcf7-form-control wpcf7-hidden\" value=\"\" type=\"hidden\" name=\"utm_medium\" \/>\n\t<input class=\"wpcf7-form-control wpcf7-hidden\" value=\"\" type=\"hidden\" name=\"utm_campaign\" \/>\n\t<input class=\"wpcf7-form-control wpcf7-hidden\" value=\"\" type=\"hidden\" name=\"utm_term\" \/>\n\t<input class=\"wpcf7-form-control wpcf7-hidden\" id=\"zc_gad\" value=\"\" type=\"hidden\" name=\"zc_gad\" \/>\n\t<input class=\"wpcf7-form-control wpcf7-hidden\" value=\"\" type=\"hidden\" name=\"fbclid\" \/>\n\t<input class=\"wpcf7-form-control wpcf7-hidden\" value=\"Landing U del prado\" type=\"hidden\" name=\"Nombre_formulario\" \/>\n\t<\/div>\n<\/div><div class=\"wpcf7-response-output\" aria-hidden=\"true\"><\/div>\n<\/form>\n<\/div>\n[\/vc_column_text][\/vc_column][\/vc_row][\/vc_section][vc_section el_class=\u00bbporque-estudiar\u00bb][vc_row][vc_column][vc_column_text el_class=\u00bbtitle-h2 mb-0&#8243;]<\/p>\n<h2 style=\"text-align: center;\">\u00bfPor qu\u00e9 estudiar en<br \/>\n<strong>Instituto Universitario del Prado?<\/strong><\/h2>\n<p>[\/vc_column_text][\/vc_column][\/vc_row][vc_row css=\u00bb.vc_custom_1705077269315{margin-top: 50px !important;}\u00bb el_class=\u00bbrow-beneficios\u00bb][vc_column width=\u00bb1\/6&#8243;][vc_column_text el_class=\u00bbblock-porque-estudiar\u00bb]<img loading=\"lazy\" decoding=\"async\" class=\"alignnone size-full wp-image-14 aligncenter\" src=\"https:\/\/udelprado.mx\/programas-academicos\/wp-content\/uploads\/2024\/01\/Grupo-17.png\" alt=\"\" width=\"82\" height=\"82\" \/><\/p>\n<p style=\"text-align: center;\">Titulaci\u00f3n autom\u00e1tica<\/p>\n<p>[\/vc_column_text][\/vc_column][vc_column width=\u00bb1\/6&#8243;][vc_column_text el_class=\u00bbblock-porque-estudiar\u00bb]<\/p>\n<p style=\"text-align: center;\"><img loading=\"lazy\" decoding=\"async\" class=\"alignnone size-full wp-image-15\" src=\"https:\/\/udelprado.mx\/programas-academicos\/wp-content\/uploads\/2024\/01\/Grupo-18.png\" alt=\"\" width=\"82\" height=\"82\" \/><\/p>\n<p style=\"text-align: center;\">Flexibilidad<br \/>\nacad\u00e9mica<\/p>\n<p>[\/vc_column_text][\/vc_column][vc_column width=\u00bb1\/6&#8243;][vc_column_text el_class=\u00bbblock-porque-estudiar\u00bb]<img loading=\"lazy\" decoding=\"async\" class=\"wp-image-16 size-full aligncenter\" src=\"https:\/\/udelprado.mx\/programas-academicos\/wp-content\/uploads\/2024\/01\/Grupo-19.png\" alt=\"\" width=\"82\" height=\"82\" \/><\/p>\n<p style=\"text-align: center;\">Atenci\u00f3n 100% personalizada<\/p>\n<p>[\/vc_column_text][\/vc_column][vc_column width=\u00bb1\/6&#8243;][vc_column_text el_class=\u00bbblock-porque-estudiar\u00bb]<\/p>\n<p style=\"text-align: center;\"><img loading=\"lazy\" decoding=\"async\" class=\"alignnone size-full wp-image-17\" src=\"https:\/\/udelprado.mx\/programas-academicos\/wp-content\/uploads\/2024\/01\/Grupo-20.png\" alt=\"\" width=\"82\" height=\"82\" \/><\/p>\n<p style=\"text-align: center;\">100% en l\u00ednea<\/p>\n<p>[\/vc_column_text][\/vc_column][vc_column width=\u00bb1\/6&#8243;][vc_column_text el_class=\u00bbblock-porque-estudiar\u00bb]<\/p>\n<p style=\"text-align: center;\"><img loading=\"lazy\" decoding=\"async\" class=\"alignnone size-full wp-image-18\" src=\"https:\/\/udelprado.mx\/programas-academicos\/wp-content\/uploads\/2024\/01\/Grupo-21.png\" alt=\"\" width=\"82\" height=\"82\" \/><\/p>\n<p style=\"text-align: center;\">Reconocimiento<br \/>\noficial SEP<\/p>\n<p>[\/vc_column_text][\/vc_column][vc_column width=\u00bb1\/6&#8243;][vc_column_text el_class=\u00bbblock-porque-estudiar\u00bb]<\/p>\n<p style=\"text-align: center;\"><img loading=\"lazy\" decoding=\"async\" class=\"alignnone size-full wp-image-82\" src=\"https:\/\/udelprado.mx\/programas-academicos\/wp-content\/uploads\/2024\/01\/money.png\" alt=\"\" width=\"82\" height=\"82\" \/><\/p>\n<p style=\"text-align: center;\">Sin costos ocultos<\/p>\n<p>[\/vc_column_text][\/vc_column][\/vc_row][\/vc_section][vc_section full_width=\u00bbstretch_row\u00bb el_class=\u00bbprogramas-academicos-section\u00bb css=\u00bb.vc_custom_1705007878892{background-color: #fafafa !important;}\u00bb][vc_row][vc_column][vc_column_text el_class=\u00bbtitle-h2&#8243;]<\/p>\n<h2 style=\"text-align: center;\"><strong>Nuestros Programas Acad\u00e9micos<\/strong><\/h2>\n<p>[\/vc_column_text][\/vc_column][\/vc_row][vc_row][vc_column el_class=\u00bbowl-carousel owl-theme programas-academicos\u00bb][vc_column_text el_class=\u00bbblock-programas\u00bb]<img loading=\"lazy\" decoding=\"async\" class=\"alignnone size-full wp-image-19\" src=\"https:\/\/udelprado.mx\/programas-academicos\/wp-content\/uploads\/2024\/01\/Enmascarar-grupo-3.png\" alt=\"\" width=\"220\" height=\"147\" \/><\/p>\n<p><strong>Licenciatura en Mercadotecnia<\/strong><\/p>\n<p>Formamos profesionales \u00e9ticos que ayuden a interpretar las necesidades y actitudes de los consumidores para el dise\u00f1o de estrategias.<\/p>\n<p>Licencia:<br \/>\nRVOE SEP 20122797[\/vc_column_text][vc_column_text el_class=\u00bbblock-programas\u00bb]<strong><img loading=\"lazy\" decoding=\"async\" class=\"alignnone size-full wp-image-20\" src=\"https:\/\/udelprado.mx\/programas-academicos\/wp-content\/uploads\/2024\/01\/Enmascarar-grupo-4.png\" alt=\"\" width=\"220\" height=\"147\" \/><\/strong><\/p>\n<p><strong>Lic. en Administraci\u00f3n de Empresas<\/strong><\/p>\n<p>Formamos profesionales capaces de desarrollar, fortalecer e impulsar todas las \u00e1reas de una empresa tanto p\u00fablica como privada.<\/p>\n<p>Licencia:<br \/>\nRVOE SEP 20122794[\/vc_column_text][vc_column_text el_class=\u00bbblock-programas\u00bb]<strong><img loading=\"lazy\" decoding=\"async\" class=\"alignnone size-full wp-image-21\" src=\"https:\/\/udelprado.mx\/programas-academicos\/wp-content\/uploads\/2024\/01\/Enmascarar-grupo-5.png\" alt=\"\" width=\"220\" height=\"147\" \/><\/strong><\/p>\n<p><strong>Licenciatura en Derecho<\/strong><\/p>\n<p>Formamos profesionales con alta competencia en materia legal; interpretando, evaluando y aplicando los ordenamientos jur\u00eddicos.<\/p>\n<p>Licencia:<br \/>\nRVOE SEP[\/vc_column_text][vc_column_text el_class=\u00bbblock-programas\u00bb]<strong><img loading=\"lazy\" decoding=\"async\" class=\"alignnone size-full wp-image-23\" src=\"https:\/\/udelprado.mx\/programas-academicos\/wp-content\/uploads\/2024\/01\/Enmascarar-grupo-7.png\" alt=\"\" width=\"220\" height=\"147\" \/><\/strong><\/p>\n<p><strong>Lic.en Contadur\u00eda y Finanzas<\/strong><\/p>\n<p>Formamos profesionales con capacidad de an\u00e1lisis y planeaci\u00f3n contable, fiscal y financiera que apoye la generaci\u00f3n de recursos en la empresa.<\/p>\n<p>Licencia:<br \/>\nRVOE SEP 20170770[\/vc_column_text][vc_column_text el_class=\u00bbblock-programas bot\u00bb]<strong><img loading=\"lazy\" decoding=\"async\" class=\"alignnone size-full wp-image-22\" src=\"https:\/\/udelprado.mx\/programas-academicos\/wp-content\/uploads\/2024\/01\/Enmascarar-grupo-6.png\" alt=\"\" width=\"220\" height=\"147\" \/><\/strong><\/p>\n<p><strong>Lic. en Ing. Industrial y Sistemas<\/strong><\/p>\n<p>Formamos profesionales \u00e9ticos, capaces de innovar, dise\u00f1ar, planear, operar y dirigir sistemas productivos en las organizaciones.<\/p>\n<p>Licencia:<br \/>\nRVOE SEP 20122796[\/vc_column_text][vc_column_text el_class=\u00bbblock-programas bot\u00bb]<strong><img loading=\"lazy\" decoding=\"async\" class=\"alignnone size-full wp-image-24\" src=\"https:\/\/udelprado.mx\/programas-academicos\/wp-content\/uploads\/2024\/01\/Enmascarar-grupo-8.png\" alt=\"\" width=\"220\" height=\"147\" \/><\/strong><\/p>\n<p><strong>Maestr\u00eda en Administraci\u00f3n y Direcci\u00f3n de Empresas<\/strong><\/p>\n<p>Lorem ipsum dolor sit amet, consetetur sadipscing elitr, sed diam nonumy eirmod tempor invidunt ut labore et dolore magna aliquyam.<\/p>\n<p>Licencia:<br \/>\nRVOE SEP 20171064[\/vc_column_text][vc_column_text el_class=\u00bbblock-programas bot\u00bb]<strong><img loading=\"lazy\" decoding=\"async\" class=\"alignnone size-full wp-image-25\" src=\"https:\/\/udelprado.mx\/programas-academicos\/wp-content\/uploads\/2024\/01\/Enmascarar-grupo-9.png\" alt=\"\" width=\"220\" height=\"147\" \/><\/strong><\/p>\n<p><strong>Maestr\u00eda en Administraci\u00f3n y Finanzas<\/strong><\/p>\n<p>Lorem ipsum dolor sit amet, consetetur sadipscing elitr, sed diam nonumy eirmod tempor invidunt ut labore et dolore magna aliquyam.<\/p>\n<p>Licencia:<br \/>\nRVOE SEP 20170797[\/vc_column_text][\/vc_column][\/vc_row][\/vc_section][vc_section full_width=\u00bbstretch_row\u00bb el_class=\u00bblicenciaturas-section\u00bb][vc_row][vc_column][vc_column_text el_class=\u00bbtitle-h2&#8243;]<\/p>\n<h2 style=\"text-align: center;\"><strong>Licenciaturas y Maestr\u00edas 100% a distancia<\/strong><br \/>\nTu Licenciatura o Maestr\u00eda se cursa completamente en l\u00ednea.<\/h2>\n<p>[\/vc_column_text][\/vc_column][\/vc_row][\/vc_section][vc_section full_width=\u00bbstretch_row\u00bb content_placement=\u00bbmiddle\u00bb css=\u00bb.vc_custom_1705079255509{background-image: url(https:\/\/udelprado.mx\/programas-academicos\/wp-content\/uploads\/2024\/01\/Grupo-19@2x.png?id=70) !important;}\u00bb el_id=\u00bbsection-cta\u00bb][vc_row][vc_column width=\u00bb1\/2&#8243;][\/vc_column][vc_column width=\u00bb1\/2&#8243;][vc_column_text el_class=\u00bbtitle-final-cta\u00bb]<\/p>\n<h2 style=\"text-align: left;\">Somos la mejor universidad en l\u00ednea en M\u00e9xico.<\/h2>\n<p><a href=\"#formulario\">\u00a1Inscr\u00edbete hoy!<\/a>[\/vc_column_text][\/vc_column][\/vc_row][\/vc_section][vc_section el_class=\u00bbinfo-final\u00bb][vc_row][vc_column][vc_column_text el_class=\u00bbfont-size-18&#8243;]<\/p>\n<p style=\"text-align: center;\">Sinaloa 172, Colonia Roma, \u2013 Alcald\u00eda Cuauht\u00e9moc, \u2013 Ciudad de M\u00e9xico \u2013 CP: 06700<\/p>\n<p>[\/vc_column_text][vc_column_text el_class=\u00bbfont-size-14&#8243;]<\/p>\n<p style=\"text-align: center;\">licenciaturas en linea mexico | universidad en linea | universidad a distancia | ingenieria online mexico | universidad corta | universidad para adultos | estudiar licenciatura en linea<\/p>\n<p>[\/vc_column_text][vc_column_text el_class=\u00bbfont-size-18&#8243;]<\/p>\n<p style=\"text-align: center;\"><strong>contacto@udelprado.mx | www.udelprado.mx<\/strong><\/p>\n<p>[\/vc_column_text][vc_column_text el_class=\u00bbfont-size-12&#8243;]<\/p>\n<p style=\"text-align: center;\">CARRERAS EN L\u00cdNEA \/ EDUCACI\u00d3N SUPERIOR A DISTANCIA \/ UNIVERSIDAD ONLINE \/ LICENCIATURAS A DISTANCIA \/ ESTUDIAR A DISTANCIA \/ UNIVERSIDADES A DISTANCIA \/ UNIVERSIDADES EN LINEA \/ UNIVERSIDAD VIRTUAL \/ LICENCIATURA EN L\u00cdNEA \/ CARRERAS UNIVERSITARIAS A DISTANCIA \/ LICENCIATURAS EN L\u00cdNEA \/ EDUCACION A DISTANCIA \/ ESTUDIAR EN L\u00cdNEA \/ UNIVERSIDAD EN LINEA \/ ADMINISTRACI\u00d3N DE EMPRESAS \/ LICENCIATURA EN CONTABILIDAD EN L\u00cdNEA \/ LICENCIATURA EN DERECHO EN L\u00cdNEA \/ INGENIER\u00cdAS EN L\u00cdNEA \/ MERCADOTECNIA EN L\u00cdNEA<\/p>\n<p>[\/vc_column_text][\/vc_column][\/vc_row][\/vc_section]<\/p>\n<\/div>","protected":false},"excerpt":{"rendered":"<p>[vc_section full_width=\u00bbstretch_row\u00bb el_class=\u00bbheader-bot\u00bb css=\u00bb.vc_custom_1705061152242{background-color: #153d68 !important;}\u00bb][vc_row][vc_column][vc_column_text el_class=\u00bbheader-text-bot\u00bb] \u00a1Inscr\u00edbete HOY! Te regalamos la inscripci\u00f3n \u00fanica + Una beca especial en tus colegiaturas [\/vc_column_text][\/vc_column][\/vc_row][\/vc_section][vc_section full_width=\u00bbstretch_row\u00bb el_class=\u00bbbanner-lp\u00bb css=\u00bb.vc_custom_1705006126556{background-image: url(https:\/\/udelprado.mx\/programas-academicos\/wp-content\/uploads\/2024\/01\/Grupo-17-1.png?id=28) !important;}\u00bb][vc_row el_class=\u00bbrow-responsive-lp\u00bb][vc_column width=\u00bb1\/2&#8243;][vc_column_text el_class=\u00bbtitle-left\u00bb] Programas con reconocimiento y validez oficial de la SEP [\/vc_column_text][\/vc_column][vc_column width=\u00bb1\/2&#8243;][vc_column_text][\/vc_column_text][\/vc_column][\/vc_row][\/vc_section][vc_section el_class=\u00bbporque-estudiar\u00bb][vc_row][vc_column][vc_column_text el_class=\u00bbtitle-h2 mb-0&#8243;] \u00bfPor qu\u00e9 estudiar en Instituto Universitario del Prado? [\/vc_column_text][\/vc_column][\/vc_row][vc_row css=\u00bb.vc_custom_1705077269315{margin-top: 50px [&hellip;]<\/p>\n","protected":false},"author":1,"featured_media":0,"parent":0,"menu_order":0,"comment_status":"closed","ping_status":"closed","template":"","meta":{"footnotes":""},"class_list":["post-9","page","type-page","status-publish","hentry"],"_links":{"self":[{"href":"https:\/\/udelprado.mx\/programas-academicos\/wp-json\/wp\/v2\/pages\/9","targetHints":{"allow":["GET"]}}],"collection":[{"href":"https:\/\/udelprado.mx\/programas-academicos\/wp-json\/wp\/v2\/pages"}],"about":[{"href":"https:\/\/udelprado.mx\/programas-academicos\/wp-json\/wp\/v2\/types\/page"}],"author":[{"embeddable":true,"href":"https:\/\/udelprado.mx\/programas-academicos\/wp-json\/wp\/v2\/users\/1"}],"replies":[{"embeddable":true,"href":"https:\/\/udelprado.mx\/programas-academicos\/wp-json\/wp\/v2\/comments?post=9"}],"version-history":[{"count":35,"href":"https:\/\/udelprado.mx\/programas-academicos\/wp-json\/wp\/v2\/pages\/9\/revisions"}],"predecessor-version":[{"id":89,"href":"https:\/\/udelprado.mx\/programas-academicos\/wp-json\/wp\/v2\/pages\/9\/revisions\/89"}],"wp:attachment":[{"href":"https:\/\/udelprado.mx\/programas-academicos\/wp-json\/wp\/v2\/media?parent=9"}],"curies":[{"name":"wp","href":"https:\/\/api.w.org\/{rel}","templated":true}]}}